{"id":25357,"date":"2021-03-22T12:57:54","date_gmt":"2021-03-22T12:57:54","guid":{"rendered":"https:\/\/och2021.unibuc.ro\/?page_id=25357"},"modified":"2021-04-19T10:25:01","modified_gmt":"2021-04-19T10:25:01","slug":"rezultate","status":"publish","type":"page","link":"https:\/\/och2021.unibuc.ro\/?page_id=25357","title":{"rendered":"Rezultate"},"content":{"rendered":"\t\t<div data-elementor-type=\"wp-page\" data-elementor-id=\"25357\" class=\"elementor elementor-25357\">\n\t\t\t\t\t\t<section class=\"elementor-section elementor-top-section elementor-element elementor-element-f2c78a elementor-section-boxed elementor-section-height-default elementor-section-height-default\" data-id=\"f2c78a\" data-element_type=\"section\" data-settings=\"{&quot;background_background&quot;:&quot;gradient&quot;}\">\n\t\t\t\t\t\t<div class=\"elementor-container elementor-column-gap-default\">\n\t\t\t\t\t<div class=\"elementor-column elementor-col-100 elementor-top-column elementor-element elementor-element-8b16358\" data-id=\"8b16358\" data-element_type=\"column\">\n\t\t\t<div class=\"elementor-widget-wrap elementor-element-populated\">\n\t\t\t\t\t\t<div class=\"elementor-element elementor-element-1d4f7651 elementor-widget elementor-widget-image-box\" data-id=\"1d4f7651\" data-element_type=\"widget\" data-widget_type=\"image-box.default\">\n\t\t\t\t<div class=\"elementor-widget-container\">\n\t\t\t\t\t<div class=\"elementor-image-box-wrapper\"><div class=\"elementor-image-box-content\"><h1 class=\"elementor-image-box-title\">Rezultate<\/h1><\/div><\/div>\t\t\t\t<\/div>\n\t\t\t\t<\/div>\n\t\t\t\t\t<\/div>\n\t\t<\/div>\n\t\t\t\t\t<\/div>\n\t\t<\/section>\n\t\t\t\t<section class=\"elementor-section elementor-top-section elementor-element elementor-element-1105593 elementor-section-boxed elementor-section-height-default elementor-section-height-default\" data-id=\"1105593\" data-element_type=\"section\">\n\t\t\t\t\t\t<div class=\"elementor-container elementor-column-gap-default\">\n\t\t\t\t\t<div class=\"elementor-column elementor-col-100 elementor-top-column elementor-element elementor-element-bef9fc8\" data-id=\"bef9fc8\" data-element_type=\"column\">\n\t\t\t<div class=\"elementor-widget-wrap elementor-element-populated\">\n\t\t\t\t\t\t<div class=\"elementor-element elementor-element-2bdf0a2 elementor-widget elementor-widget-spacer\" data-id=\"2bdf0a2\" data-element_type=\"widget\" data-widget_type=\"spacer.default\">\n\t\t\t\t<div class=\"elementor-widget-container\">\n\t\t\t\t\t\t\t<div class=\"elementor-spacer\">\n\t\t\t<div class=\"elementor-spacer-inner\"><\/div>\n\t\t<\/div>\n\t\t\t\t\t\t<\/div>\n\t\t\t\t<\/div>\n\t\t\t\t<div class=\"elementor-element elementor-element-d3fa753 elementor-widget elementor-widget-heading\" data-id=\"d3fa753\" data-element_type=\"widget\" data-widget_type=\"heading.default\">\n\t\t\t\t<div class=\"elementor-widget-container\">\n\t\t\t\t\t<h2 class=\"elementor-heading-title elementor-size-default\">Rezultatele probei de baraj<\/h2>\t\t\t\t<\/div>\n\t\t\t\t<\/div>\n\t\t\t\t<div class=\"elementor-element elementor-element-ac3f640 elementor-widget elementor-widget-image\" data-id=\"ac3f640\" data-element_type=\"widget\" data-widget_type=\"image.default\">\n\t\t\t\t<div class=\"elementor-widget-container\">\n\t\t\t\t\t\t\t\t\t\t\t\t\t\t\t<img fetchpriority=\"high\" decoding=\"async\" width=\"1024\" height=\"724\" src=\"https:\/\/och2021.unibuc.ro\/wp-content\/uploads\/2021\/04\/Olimpiada-de-Chimie-2021_baraj_rezultate_deafisat-page-001-1024x724.jpg\" class=\"attachment-large size-large wp-image-25898\" alt=\"\" srcset=\"https:\/\/och2021.unibuc.ro\/wp-content\/uploads\/2021\/04\/Olimpiada-de-Chimie-2021_baraj_rezultate_deafisat-page-001-1024x724.jpg 1024w, https:\/\/och2021.unibuc.ro\/wp-content\/uploads\/2021\/04\/Olimpiada-de-Chimie-2021_baraj_rezultate_deafisat-page-001-300x212.jpg 300w, https:\/\/och2021.unibuc.ro\/wp-content\/uploads\/2021\/04\/Olimpiada-de-Chimie-2021_baraj_rezultate_deafisat-page-001-768x543.jpg 768w, https:\/\/och2021.unibuc.ro\/wp-content\/uploads\/2021\/04\/Olimpiada-de-Chimie-2021_baraj_rezultate_deafisat-page-001-1536x1086.jpg 1536w, https:\/\/och2021.unibuc.ro\/wp-content\/uploads\/2021\/04\/Olimpiada-de-Chimie-2021_baraj_rezultate_deafisat-page-001.jpg 1754w\" sizes=\"(max-width: 1024px) 100vw, 1024px\" \/>\t\t\t\t\t\t\t\t\t\t\t\t\t\t\t<\/div>\n\t\t\t\t<\/div>\n\t\t\t\t<div class=\"elementor-element elementor-element-f4de747 elementor-widget elementor-widget-spacer\" data-id=\"f4de747\" data-element_type=\"widget\" data-widget_type=\"spacer.default\">\n\t\t\t\t<div class=\"elementor-widget-container\">\n\t\t\t\t\t\t\t<div class=\"elementor-spacer\">\n\t\t\t<div class=\"elementor-spacer-inner\"><\/div>\n\t\t<\/div>\n\t\t\t\t\t\t<\/div>\n\t\t\t\t<\/div>\n\t\t\t\t<div class=\"elementor-element elementor-element-8e6a552 elementor-widget elementor-widget-heading\" data-id=\"8e6a552\" data-element_type=\"widget\" data-widget_type=\"heading.default\">\n\t\t\t\t<div class=\"elementor-widget-container\">\n\t\t\t\t\t<h2 class=\"elementor-heading-title elementor-size-default\">Elevii califica\u021bi pentru proba de baraj \u00een vederea selec\u021biei lotului l\u0103rgit <\/h2>\t\t\t\t<\/div>\n\t\t\t\t<\/div>\n\t\t\t\t<div class=\"elementor-element elementor-element-f550f3f elementor-widget elementor-widget-image\" data-id=\"f550f3f\" data-element_type=\"widget\" data-widget_type=\"image.default\">\n\t\t\t\t<div class=\"elementor-widget-container\">\n\t\t\t\t\t\t\t\t\t\t\t\t\t\t\t<img decoding=\"async\" width=\"1024\" height=\"724\" src=\"https:\/\/och2021.unibuc.ro\/wp-content\/uploads\/2021\/04\/Baraj_calificati-page-001-1024x724.jpg\" class=\"attachment-large size-large wp-image-25829\" alt=\"\" srcset=\"https:\/\/och2021.unibuc.ro\/wp-content\/uploads\/2021\/04\/Baraj_calificati-page-001-1024x724.jpg 1024w, https:\/\/och2021.unibuc.ro\/wp-content\/uploads\/2021\/04\/Baraj_calificati-page-001-300x212.jpg 300w, https:\/\/och2021.unibuc.ro\/wp-content\/uploads\/2021\/04\/Baraj_calificati-page-001-768x543.jpg 768w, https:\/\/och2021.unibuc.ro\/wp-content\/uploads\/2021\/04\/Baraj_calificati-page-001-1536x1086.jpg 1536w, https:\/\/och2021.unibuc.ro\/wp-content\/uploads\/2021\/04\/Baraj_calificati-page-001.jpg 1754w\" sizes=\"(max-width: 1024px) 100vw, 1024px\" \/>\t\t\t\t\t\t\t\t\t\t\t\t\t\t\t<\/div>\n\t\t\t\t<\/div>\n\t\t\t\t<div class=\"elementor-element elementor-element-ef7f789 elementor-widget elementor-widget-text-editor\" data-id=\"ef7f789\" data-element_type=\"widget\" data-widget_type=\"text-editor.default\">\n\t\t\t\t<div class=\"elementor-widget-container\">\n\t\t\t\t\t\t\t\t\t<div>\u00a0 \u00a0 \u00a0 \u00a0 Proba de baraj va avea loc pe data de 17 aprilie, \u00eencep\u00e2nd cu ora 8.30. Proba de baraj se va desf\u0103\u0219ura online, \u00een mod similar cu proba teoretic\u0103 de la Etapa a II-a.<\/div><div>\u00a0<\/div><div>\u00a0 \u00a0 \u00a0 \u00a0 Pentru buna organizare a probei de baraj, v\u0103 rug\u0103m s\u0103 confirma\u021bi participarea la aceasta prob\u0103 p\u00e2n\u0103 miercuri, 14 aprilie, ora 12.00, prin transmiterea unui mesaj la adresa de e-mail: <a href=\"mailto:och2021@chimie.unibuc.ro\" target=\"_blank\" rel=\"noopener\">och2021@chimie.unibuc.ro<\/a><\/div>\t\t\t\t\t\t\t\t<\/div>\n\t\t\t\t<\/div>\n\t\t\t\t<div class=\"elementor-element elementor-element-0cf2e9f elementor-widget elementor-widget-spacer\" data-id=\"0cf2e9f\" data-element_type=\"widget\" data-widget_type=\"spacer.default\">\n\t\t\t\t<div class=\"elementor-widget-container\">\n\t\t\t\t\t\t\t<div class=\"elementor-spacer\">\n\t\t\t<div class=\"elementor-spacer-inner\"><\/div>\n\t\t<\/div>\n\t\t\t\t\t\t<\/div>\n\t\t\t\t<\/div>\n\t\t\t\t<div class=\"elementor-element elementor-element-c20eac8 elementor-widget elementor-widget-heading\" data-id=\"c20eac8\" data-element_type=\"widget\" data-widget_type=\"heading.default\">\n\t\t\t\t<div class=\"elementor-widget-container\">\n\t\t\t\t\t<h2 class=\"elementor-heading-title elementor-size-default\">ETAPA II<\/h2>\t\t\t\t<\/div>\n\t\t\t\t<\/div>\n\t\t\t\t<div class=\"elementor-element elementor-element-da01faa elementor-widget elementor-widget-spacer\" data-id=\"da01faa\" data-element_type=\"widget\" data-widget_type=\"spacer.default\">\n\t\t\t\t<div class=\"elementor-widget-container\">\n\t\t\t\t\t\t\t<div class=\"elementor-spacer\">\n\t\t\t<div class=\"elementor-spacer-inner\"><\/div>\n\t\t<\/div>\n\t\t\t\t\t\t<\/div>\n\t\t\t\t<\/div>\n\t\t\t\t<div class=\"elementor-element elementor-element-7a8d683 elementor-widget elementor-widget-text-editor\" data-id=\"7a8d683\" data-element_type=\"widget\" data-widget_type=\"text-editor.default\">\n\t\t\t\t<div class=\"elementor-widget-container\">\n\t\t\t\t\t\t\t\t\t<p><a href=\"https:\/\/och2021.unibuc.ro\/wp-content\/uploads\/2021\/04\/Olimpiada-de-Chimie-2021_Etapa-2_CLS8.pdf\" target=\"_blank\" rel=\"noopener\">Olimpiada de Chimie 2021 &#8211; Etapa 2 &#8211; clasa a VIII-a<\/a><\/p><p><a href=\"https:\/\/och2021.unibuc.ro\/wp-content\/uploads\/2021\/04\/Olimpiada-de-Chimie-2021_Etapa-2_CLS9.pdf\" target=\"_blank\" rel=\"noopener\">Olimpiada de Chimie 2021 &#8211; Etapa 2 &#8211; clasa a IX-a<\/a><\/p><p><a href=\"https:\/\/och2021.unibuc.ro\/wp-content\/uploads\/2021\/04\/Olimpiada-de-Chimie-2021_Etapa-2_CLS10.pdf\" target=\"_blank\" rel=\"noopener\">Olimpiada de Chimie 2021 &#8211; Etapa 2 &#8211; clasa a X-a<\/a><\/p><p><a href=\"https:\/\/och2021.unibuc.ro\/wp-content\/uploads\/2021\/04\/Olimpiada-de-Chimie-2021_Etapa-2_CLS11.pdf\" target=\"_blank\" rel=\"noopener\">Olimpiada de Chimie 2021 &#8211; Etapa 2 &#8211; clasa a XI-a<\/a><\/p><p><a href=\"https:\/\/och2021.unibuc.ro\/wp-content\/uploads\/2021\/04\/Olimpiada-de-Chimie-2021_Etapa-2_CLS12.pdf\" target=\"_blank\" rel=\"noopener\">Olimpiada de Chimie 2021 &#8211; Etapa 2 &#8211; clasa a XII-a<\/a><\/p>\t\t\t\t\t\t\t\t<\/div>\n\t\t\t\t<\/div>\n\t\t\t\t<div class=\"elementor-element elementor-element-239c358 elementor-widget elementor-widget-heading\" data-id=\"239c358\" data-element_type=\"widget\" data-widget_type=\"heading.default\">\n\t\t\t\t<div class=\"elementor-widget-container\">\n\t\t\t\t\t<h2 class=\"elementor-heading-title elementor-size-default\">ETAPA I<\/h2>\t\t\t\t<\/div>\n\t\t\t\t<\/div>\n\t\t\t\t<div class=\"elementor-element elementor-element-983da41 elementor-widget elementor-widget-spacer\" data-id=\"983da41\" data-element_type=\"widget\" data-widget_type=\"spacer.default\">\n\t\t\t\t<div class=\"elementor-widget-container\">\n\t\t\t\t\t\t\t<div class=\"elementor-spacer\">\n\t\t\t<div class=\"elementor-spacer-inner\"><\/div>\n\t\t<\/div>\n\t\t\t\t\t\t<\/div>\n\t\t\t\t<\/div>\n\t\t\t\t<div class=\"elementor-element elementor-element-bd142bf elementor-widget elementor-widget-text-editor\" data-id=\"bd142bf\" data-element_type=\"widget\" data-widget_type=\"text-editor.default\">\n\t\t\t\t<div class=\"elementor-widget-container\">\n\t\t\t\t\t\t\t\t\t<p><a href=\"https:\/\/och2021.unibuc.ro\/wp-content\/uploads\/2021\/04\/Olimpiada-de-Chimie-2021_Etapa-1_CLS8.pdf\" target=\"_blank\" rel=\"noopener\">Olimpiada de Chimie 2021 &#8211; Etapa 1 &#8211; clasa a VIII-a<\/a><\/p><p><a href=\"https:\/\/och2021.unibuc.ro\/wp-content\/uploads\/2021\/04\/Olimpiada-de-Chimie-2021_Etapa-1_CLS9.pdf\" target=\"_blank\" rel=\"noopener\">Olimpiada de Chimie 2021 &#8211; Etapa 1 &#8211; clasa a IX-a<\/a><\/p><p><a href=\"https:\/\/och2021.unibuc.ro\/wp-content\/uploads\/2021\/04\/Olimpiada-de-Chimie-2021_Etapa-1_CLS10.pdf\" target=\"_blank\" rel=\"noopener\">Olimpiada de Chimie 2021 &#8211; Etapa 1 &#8211; clasa a X-a<\/a><\/p><p><a href=\"https:\/\/och2021.unibuc.ro\/wp-content\/uploads\/2021\/04\/Olimpiada-de-Chimie-2021_Etapa-1_CLS11_corectat.pdf\" target=\"_blank\" rel=\"noopener\">Olimpiada de Chimie 2021 &#8211; Etapa 1 &#8211; clasa a XI-a<\/a><\/p><p><a href=\"https:\/\/och2021.unibuc.ro\/wp-content\/uploads\/2021\/04\/Olimpiada-de-Chimie-2021_Etapa-1_CLS12.pdf\" target=\"_blank\" rel=\"noopener\">Olimpiada de Chimie 2021 &#8211; Etapa 1 &#8211; clasa a XII-a<\/a><\/p>\t\t\t\t\t\t\t\t<\/div>\n\t\t\t\t<\/div>\n\t\t\t\t<div class=\"elementor-element elementor-element-5f9274c elementor-widget elementor-widget-heading\" data-id=\"5f9274c\" data-element_type=\"widget\" data-widget_type=\"heading.default\">\n\t\t\t\t<div class=\"elementor-widget-container\">\n\t\t\t\t\t<h2 class=\"elementor-heading-title elementor-size-default\">Elevii califica\u021bi pentru participarea la Etapa II<\/h2>\t\t\t\t<\/div>\n\t\t\t\t<\/div>\n\t\t\t\t<div class=\"elementor-element elementor-element-57b0be2 elementor-widget elementor-widget-spacer\" data-id=\"57b0be2\" data-element_type=\"widget\" data-widget_type=\"spacer.default\">\n\t\t\t\t<div class=\"elementor-widget-container\">\n\t\t\t\t\t\t\t<div class=\"elementor-spacer\">\n\t\t\t<div class=\"elementor-spacer-inner\"><\/div>\n\t\t<\/div>\n\t\t\t\t\t\t<\/div>\n\t\t\t\t<\/div>\n\t\t\t\t<div class=\"elementor-element elementor-element-55364ec elementor-widget elementor-widget-text-editor\" data-id=\"55364ec\" data-element_type=\"widget\" data-widget_type=\"text-editor.default\">\n\t\t\t\t<div class=\"elementor-widget-container\">\n\t\t\t\t\t\t\t\t\t<p><a href=\"https:\/\/och2021.unibuc.ro\/wp-content\/uploads\/2021\/04\/Clasa_VIII_calificati_etapa_1.pdf\" target=\"_blank\" rel=\"noopener\">Elevi califica\u021bi &#8211; clasa a VIII-a<\/a><\/p><p><a href=\"https:\/\/och2021.unibuc.ro\/wp-content\/uploads\/2021\/04\/Clasa_IX_calificati_etapa_1.pdf\" target=\"_blank\" rel=\"noopener\">Elevi califica\u021bi &#8211; clasa a IX-a<\/a><\/p><p><a href=\"https:\/\/och2021.unibuc.ro\/wp-content\/uploads\/2021\/04\/Clasa_X_calificati_etapa_1.pdf\" target=\"_blank\" rel=\"noopener\">Elevi califica\u021bi &#8211; clasa a X-a<\/a><\/p><p><a href=\"https:\/\/och2021.unibuc.ro\/wp-content\/uploads\/2021\/04\/Clasa_XI_calificati_etapa_1-1.pdf\" target=\"_blank\" rel=\"noopener\">Elevi califica\u021bi &#8211; clasa a XI-a<\/a><\/p><p><a href=\"https:\/\/och2021.unibuc.ro\/wp-content\/uploads\/2021\/04\/Clasa_XII_calificati_etapa_1.pdf\" target=\"_blank\" rel=\"noopener\">Elevi califica\u021bi &#8211; clasa a XII-a<\/a><\/p>\t\t\t\t\t\t\t\t<\/div>\n\t\t\t\t<\/div>\n\t\t\t\t<div class=\"elementor-element elementor-element-28a123c elementor-widget elementor-widget-spacer\" data-id=\"28a123c\" data-element_type=\"widget\" data-widget_type=\"spacer.default\">\n\t\t\t\t<div class=\"elementor-widget-container\">\n\t\t\t\t\t\t\t<div class=\"elementor-spacer\">\n\t\t\t<div class=\"elementor-spacer-inner\"><\/div>\n\t\t<\/div>\n\t\t\t\t\t\t<\/div>\n\t\t\t\t<\/div>\n\t\t\t\t\t<\/div>\n\t\t<\/div>\n\t\t\t\t\t<\/div>\n\t\t<\/section>\n\t\t\t\t<\/div>\n\t\t","protected":false},"excerpt":{"rendered":"<p>Rezultate Rezultatele probei de baraj Elevii califica\u021bi pentru proba de baraj \u00een vederea selec\u021biei lotului l\u0103rgit \u00a0 \u00a0 \u00a0 \u00a0 Proba de baraj va avea loc pe data de 17 aprilie, \u00eencep\u00e2nd cu ora 8.30. Proba de baraj se va desf\u0103\u0219ura online, \u00een mod similar cu proba teoretic\u0103 de la Etapa a II-a.\u00a0\u00a0 \u00a0 \u00a0 [&hellip;]<\/p>\n","protected":false},"author":1,"featured_media":0,"parent":0,"menu_order":0,"comment_status":"closed","ping_status":"closed","template":"","meta":{"site-sidebar-layout":"no-sidebar","site-content-layout":"page-builder","ast-site-content-layout":"default","site-content-style":"default","site-sidebar-style":"default","ast-global-header-display":"","ast-banner-title-visibility":"","ast-main-header-display":"","ast-hfb-above-header-display":"","ast-hfb-below-header-display":"","ast-hfb-mobile-header-display":"","site-post-title":"disabled","ast-breadcrumbs-content":"","ast-featured-img":"disabled","footer-sml-layout":"","ast-disable-related-posts":"","theme-transparent-header-meta":"default","adv-header-id-meta":"","stick-header-meta":"","header-above-stick-meta":"","header-main-stick-meta":"","header-below-stick-meta":"","astra-migrate-meta-layouts":"default","ast-page-background-enabled":"default","ast-page-background-meta":{"desktop":{"background-color":"","background-image":"","background-repeat":"repeat","background-position":"center center","background-size":"auto","background-attachment":"scroll","background-type":"","background-media":"","overlay-type":"","overlay-color":"","overlay-opacity":"","overlay-gradient":""},"tablet":{"background-color":"","background-image":"","background-repeat":"repeat","background-position":"center center","background-size":"auto","background-attachment":"scroll","background-type":"","background-media":"","overlay-type":"","overlay-color":"","overlay-opacity":"","overlay-gradient":""},"mobile":{"background-color":"","background-image":"","background-repeat":"repeat","background-position":"center center","background-size":"auto","background-attachment":"scroll","background-type":"","background-media":"","overlay-type":"","overlay-color":"","overlay-opacity":"","overlay-gradient":""}},"ast-content-background-meta":{"desktop":{"background-color":"var(--ast-global-color-5)","background-image":"","background-repeat":"repeat","background-position":"center center","background-size":"auto","background-attachment":"scroll","background-type":"","background-media":"","overlay-type":"","overlay-color":"","overlay-opacity":"","overlay-gradient":""},"tablet":{"background-color":"var(--ast-global-color-5)","background-image":"","background-repeat":"repeat","background-position":"center center","background-size":"auto","background-attachment":"scroll","background-type":"","background-media":"","overlay-type":"","overlay-color":"","overlay-opacity":"","overlay-gradient":""},"mobile":{"background-color":"var(--ast-global-color-5)","background-image":"","background-repeat":"repeat","background-position":"center center","background-size":"auto","background-attachment":"scroll","background-type":"","background-media":"","overlay-type":"","overlay-color":"","overlay-opacity":"","overlay-gradient":""}},"footnotes":""},"class_list":["post-25357","page","type-page","status-publish","hentry"],"_links":{"self":[{"href":"https:\/\/och2021.unibuc.ro\/index.php?rest_route=\/wp\/v2\/pages\/25357","targetHints":{"allow":["GET"]}}],"collection":[{"href":"https:\/\/och2021.unibuc.ro\/index.php?rest_route=\/wp\/v2\/pages"}],"about":[{"href":"https:\/\/och2021.unibuc.ro\/index.php?rest_route=\/wp\/v2\/types\/page"}],"author":[{"embeddable":true,"href":"https:\/\/och2021.unibuc.ro\/index.php?rest_route=\/wp\/v2\/users\/1"}],"replies":[{"embeddable":true,"href":"https:\/\/och2021.unibuc.ro\/index.php?rest_route=%2Fwp%2Fv2%2Fcomments&post=25357"}],"version-history":[{"count":44,"href":"https:\/\/och2021.unibuc.ro\/index.php?rest_route=\/wp\/v2\/pages\/25357\/revisions"}],"predecessor-version":[{"id":25901,"href":"https:\/\/och2021.unibuc.ro\/index.php?rest_route=\/wp\/v2\/pages\/25357\/revisions\/25901"}],"wp:attachment":[{"href":"https:\/\/och2021.unibuc.ro\/index.php?rest_route=%2Fwp%2Fv2%2Fmedia&parent=25357"}],"curies":[{"name":"wp","href":"https:\/\/api.w.org\/{rel}","templated":true}]}}